{"id":16,"date":"2025-03-07T18:05:48","date_gmt":"2025-03-07T18:05:48","guid":{"rendered":"https:\/\/kf-mx.com\/?page_id=16"},"modified":"2025-06-06T20:26:07","modified_gmt":"2025-06-06T20:26:07","slug":"inicio","status":"publish","type":"page","link":"https:\/\/kf-mx.com\/","title":{"rendered":"Inicio"},"content":{"rendered":"\n<figure class=\"wp-block-image size-full is-resized\"><img loading=\"lazy\" decoding=\"async\" width=\"250\" height=\"250\" src=\"https:\/\/kf-mx.com\/wp-content\/uploads\/2025\/03\/cropped-cropped-1-Instagram-1-e1741378421384-1.png\" alt=\"\" class=\"wp-image-97\" style=\"width:146px;height:auto\" srcset=\"https:\/\/kf-mx.com\/wp-content\/uploads\/2025\/03\/cropped-cropped-1-Instagram-1-e1741378421384-1.png 250w, https:\/\/kf-mx.com\/wp-content\/uploads\/2025\/03\/cropped-cropped-1-Instagram-1-e1741378421384-1-150x150.png 150w, https:\/\/kf-mx.com\/wp-content\/uploads\/2025\/03\/cropped-cropped-1-Instagram-1-e1741378421384-1-100x100.png 100w\" sizes=\"auto, (max-width: 250px) 100vw, 250px\" \/><\/figure>\n\n\n\n<p class=\"has-text-align-right\">\u00bfQui\u00e9nes Somos?<\/p>\n\n\n\n<p>En <strong>Kitchen Facilities<\/strong> creemos que la cocina es mucho m\u00e1s que un espacio: es el coraz\u00f3n de cada negocio, restaurante y hogar. Por eso, nos dedicamos con pasi\u00f3n a abastecer a la industria del arte gastron\u00f3mico con productos funcionales, innovadores y duraderos que elevan la experiencia culinaria al m\u00e1s alto nivel.<\/p>\n\n\n\n<p>Somos una empresa mexicana con sede en Tonal\u00e1, Jalisco, especializada en la venta y distribuci\u00f3n de equipo de cocina, utensilios profesionales, soluciones para conservaci\u00f3n de alimentos y herramientas indispensables para el d\u00eda a d\u00eda de chefs, cocineros, emprendedores y profesionales del sector gastron\u00f3mico. Nuestra oferta incluye desde ollas industriales, charolas panaderas y utensilios certificados, hasta termos, hieleras y accesorios para bar.<\/p>\n\n\n\n<p>Nos hemos consolidado como una marca confiable en el mundo del e-commerce, con presencia en plataformas como <strong>Mercado Libre (Full y Flex), Amazon, Sears, Coppel y Liverpool<\/strong>, lo que nos permite llevar nuestros productos a toda la Rep\u00fablica Mexicana con rapidez y seguridad.<\/p>\n\n\n\n<p>En <strong>Kitchen Facilities<\/strong>, cada producto refleja nuestro compromiso con la calidad, la funcionalidad y el dise\u00f1o. Creemos en brindar una atenci\u00f3n cercana, confiable y personalizada, entendiendo las necesidades de nuestros clientes y acompa\u00f1\u00e1ndolos en su crecimiento.<\/p>\n\n\n\n<p class=\"has-text-align-right\">M\u00e1s que vender productos, <strong>construimos relaciones duraderas<\/strong> con quienes comparten nuestra pasi\u00f3n por la cocina.<br>\ud83d\udd2a\ud83d\udd25 \u00a1Gracias por ser parte de nuestra historia!<\/p>\n","protected":false},"excerpt":{"rendered":"<p>\u00bfQui\u00e9nes Somos? En Kitchen Facilities creemos que la cocina es mucho m\u00e1s que un espacio: es el coraz\u00f3n de cada negocio, restaurante y hogar. Por eso, nos dedicamos con pasi\u00f3n a abastecer a la industria del arte gastron\u00f3mico con productos funcionales, innovadores y duraderos que elevan la experiencia culinaria al m\u00e1s alto nivel. Somos una &hellip; <\/p>\n<p class=\"link-more\"><a href=\"https:\/\/kf-mx.com\/\" class=\"more-link\">Continuar leyendo<span class=\"screen-reader-text\"> \u00abInicio\u00bb<\/span><\/a><\/p>\n","protected":false},"author":1,"featured_media":113,"parent":0,"menu_order":0,"comment_status":"closed","ping_status":"closed","template":"","meta":{"_kadence_starter_templates_imported_post":false,"footnotes":""},"class_list":["post-16","page","type-page","status-publish","has-post-thumbnail","hentry"],"yoast_head":"<!-- This site is optimized with the Yoast SEO plugin v25.2 - https:\/\/yoast.com\/wordpress\/plugins\/seo\/ -->\n<title>Inicio - Kitchen Facilities<\/title>\n<meta name=\"description\" content=\"Abastecemos la industria del Arte Gastron\u00f3mico\" \/>\n<meta name=\"robots\" content=\"index, follow, max-snippet:-1, max-image-preview:large, max-video-preview:-1\" \/>\n<link rel=\"canonical\" href=\"https:\/\/kf-mx.com\/\" \/>\n<meta property=\"og:locale\" content=\"es_ES\" \/>\n<meta property=\"og:type\" content=\"article\" \/>\n<meta property=\"og:title\" content=\"Inicio - Kitchen Facilities\" \/>\n<meta property=\"og:description\" content=\"Abastecemos la industria del Arte Gastron\u00f3mico\" \/>\n<meta property=\"og:url\" content=\"https:\/\/kf-mx.com\/\" \/>\n<meta property=\"og:site_name\" content=\"Kitchen Facilities\" \/>\n<meta property=\"article:modified_time\" content=\"2025-06-06T20:26:07+00:00\" \/>\n<meta property=\"og:image\" content=\"https:\/\/kf-mx.com\/wp-content\/uploads\/2025\/03\/Diseno-sin-titulo2-1024x614.png\" \/>\n\t<meta property=\"og:image:width\" content=\"1024\" \/>\n\t<meta property=\"og:image:height\" content=\"614\" \/>\n\t<meta property=\"og:image:type\" content=\"image\/png\" \/>\n<meta name=\"twitter:card\" content=\"summary_large_image\" \/>\n<meta name=\"twitter:label1\" content=\"Tiempo de lectura\" \/>\n\t<meta name=\"twitter:data1\" content=\"2 minutos\" \/>\n<script type=\"application\/ld+json\" class=\"yoast-schema-graph\">{\"@context\":\"https:\/\/schema.org\",\"@graph\":[{\"@type\":\"WebPage\",\"@id\":\"https:\/\/kf-mx.com\/\",\"url\":\"https:\/\/kf-mx.com\/\",\"name\":\"Inicio - Kitchen Facilities\",\"isPartOf\":{\"@id\":\"https:\/\/kf-mx.com\/#website\"},\"primaryImageOfPage\":{\"@id\":\"https:\/\/kf-mx.com\/#primaryimage\"},\"image\":{\"@id\":\"https:\/\/kf-mx.com\/#primaryimage\"},\"thumbnailUrl\":\"https:\/\/kf-mx.com\/wp-content\/uploads\/2025\/03\/Diseno-sin-titulo2.png\",\"datePublished\":\"2025-03-07T18:05:48+00:00\",\"dateModified\":\"2025-06-06T20:26:07+00:00\",\"description\":\"Abastecemos la industria del Arte Gastron\u00f3mico\",\"breadcrumb\":{\"@id\":\"https:\/\/kf-mx.com\/#breadcrumb\"},\"inLanguage\":\"es\",\"potentialAction\":[{\"@type\":\"ReadAction\",\"target\":[\"https:\/\/kf-mx.com\/\"]}]},{\"@type\":\"ImageObject\",\"inLanguage\":\"es\",\"@id\":\"https:\/\/kf-mx.com\/#primaryimage\",\"url\":\"https:\/\/kf-mx.com\/wp-content\/uploads\/2025\/03\/Diseno-sin-titulo2.png\",\"contentUrl\":\"https:\/\/kf-mx.com\/wp-content\/uploads\/2025\/03\/Diseno-sin-titulo2.png\",\"width\":2000,\"height\":1200},{\"@type\":\"BreadcrumbList\",\"@id\":\"https:\/\/kf-mx.com\/#breadcrumb\",\"itemListElement\":[{\"@type\":\"ListItem\",\"position\":1,\"name\":\"Portada\",\"item\":\"https:\/\/kf-mx.com\/\"},{\"@type\":\"ListItem\",\"position\":2,\"name\":\"Inicio\"}]},{\"@type\":\"WebSite\",\"@id\":\"https:\/\/kf-mx.com\/#website\",\"url\":\"https:\/\/kf-mx.com\/\",\"name\":\"Kitchen Facilities\",\"description\":\"Abastecemos la Industria del Arte Gastron\u00f3mico\",\"publisher\":{\"@id\":\"https:\/\/kf-mx.com\/#organization\"},\"potentialAction\":[{\"@type\":\"SearchAction\",\"target\":{\"@type\":\"EntryPoint\",\"urlTemplate\":\"https:\/\/kf-mx.com\/?s={search_term_string}\"},\"query-input\":{\"@type\":\"PropertyValueSpecification\",\"valueRequired\":true,\"valueName\":\"search_term_string\"}}],\"inLanguage\":\"es\"},{\"@type\":\"Organization\",\"@id\":\"https:\/\/kf-mx.com\/#organization\",\"name\":\"Kitchen Facilities\",\"url\":\"https:\/\/kf-mx.com\/\",\"logo\":{\"@type\":\"ImageObject\",\"inLanguage\":\"es\",\"@id\":\"https:\/\/kf-mx.com\/#\/schema\/logo\/image\/\",\"url\":\"https:\/\/kf-mx.com\/wp-content\/uploads\/2025\/03\/cropped-Sin-titulo-1200-x-1200-px1.png\",\"contentUrl\":\"https:\/\/kf-mx.com\/wp-content\/uploads\/2025\/03\/cropped-Sin-titulo-1200-x-1200-px1.png\",\"width\":250,\"height\":250,\"caption\":\"Kitchen Facilities\"},\"image\":{\"@id\":\"https:\/\/kf-mx.com\/#\/schema\/logo\/image\/\"}}]}<\/script>\n<!-- \/ Yoast SEO plugin. -->","yoast_head_json":{"title":"Inicio - Kitchen Facilities","description":"Abastecemos la industria del Arte Gastron\u00f3mico","robots":{"index":"index","follow":"follow","max-snippet":"max-snippet:-1","max-image-preview":"max-image-preview:large","max-video-preview":"max-video-preview:-1"},"canonical":"https:\/\/kf-mx.com\/","og_locale":"es_ES","og_type":"article","og_title":"Inicio - Kitchen Facilities","og_description":"Abastecemos la industria del Arte Gastron\u00f3mico","og_url":"https:\/\/kf-mx.com\/","og_site_name":"Kitchen Facilities","article_modified_time":"2025-06-06T20:26:07+00:00","og_image":[{"width":1024,"height":614,"url":"https:\/\/kf-mx.com\/wp-content\/uploads\/2025\/03\/Diseno-sin-titulo2-1024x614.png","type":"image\/png"}],"twitter_card":"summary_large_image","twitter_misc":{"Tiempo de lectura":"2 minutos"},"schema":{"@context":"https:\/\/schema.org","@graph":[{"@type":"WebPage","@id":"https:\/\/kf-mx.com\/","url":"https:\/\/kf-mx.com\/","name":"Inicio - Kitchen Facilities","isPartOf":{"@id":"https:\/\/kf-mx.com\/#website"},"primaryImageOfPage":{"@id":"https:\/\/kf-mx.com\/#primaryimage"},"image":{"@id":"https:\/\/kf-mx.com\/#primaryimage"},"thumbnailUrl":"https:\/\/kf-mx.com\/wp-content\/uploads\/2025\/03\/Diseno-sin-titulo2.png","datePublished":"2025-03-07T18:05:48+00:00","dateModified":"2025-06-06T20:26:07+00:00","description":"Abastecemos la industria del Arte Gastron\u00f3mico","breadcrumb":{"@id":"https:\/\/kf-mx.com\/#breadcrumb"},"inLanguage":"es","potentialAction":[{"@type":"ReadAction","target":["https:\/\/kf-mx.com\/"]}]},{"@type":"ImageObject","inLanguage":"es","@id":"https:\/\/kf-mx.com\/#primaryimage","url":"https:\/\/kf-mx.com\/wp-content\/uploads\/2025\/03\/Diseno-sin-titulo2.png","contentUrl":"https:\/\/kf-mx.com\/wp-content\/uploads\/2025\/03\/Diseno-sin-titulo2.png","width":2000,"height":1200},{"@type":"BreadcrumbList","@id":"https:\/\/kf-mx.com\/#breadcrumb","itemListElement":[{"@type":"ListItem","position":1,"name":"Portada","item":"https:\/\/kf-mx.com\/"},{"@type":"ListItem","position":2,"name":"Inicio"}]},{"@type":"WebSite","@id":"https:\/\/kf-mx.com\/#website","url":"https:\/\/kf-mx.com\/","name":"Kitchen Facilities","description":"Abastecemos la Industria del Arte Gastron\u00f3mico","publisher":{"@id":"https:\/\/kf-mx.com\/#organization"},"potentialAction":[{"@type":"SearchAction","target":{"@type":"EntryPoint","urlTemplate":"https:\/\/kf-mx.com\/?s={search_term_string}"},"query-input":{"@type":"PropertyValueSpecification","valueRequired":true,"valueName":"search_term_string"}}],"inLanguage":"es"},{"@type":"Organization","@id":"https:\/\/kf-mx.com\/#organization","name":"Kitchen Facilities","url":"https:\/\/kf-mx.com\/","logo":{"@type":"ImageObject","inLanguage":"es","@id":"https:\/\/kf-mx.com\/#\/schema\/logo\/image\/","url":"https:\/\/kf-mx.com\/wp-content\/uploads\/2025\/03\/cropped-Sin-titulo-1200-x-1200-px1.png","contentUrl":"https:\/\/kf-mx.com\/wp-content\/uploads\/2025\/03\/cropped-Sin-titulo-1200-x-1200-px1.png","width":250,"height":250,"caption":"Kitchen Facilities"},"image":{"@id":"https:\/\/kf-mx.com\/#\/schema\/logo\/image\/"}}]}},"_links":{"self":[{"href":"https:\/\/kf-mx.com\/index.php\/wp-json\/wp\/v2\/pages\/16","targetHints":{"allow":["GET"]}}],"collection":[{"href":"https:\/\/kf-mx.com\/index.php\/wp-json\/wp\/v2\/pages"}],"about":[{"href":"https:\/\/kf-mx.com\/index.php\/wp-json\/wp\/v2\/types\/page"}],"author":[{"embeddable":true,"href":"https:\/\/kf-mx.com\/index.php\/wp-json\/wp\/v2\/users\/1"}],"replies":[{"embeddable":true,"href":"https:\/\/kf-mx.com\/index.php\/wp-json\/wp\/v2\/comments?post=16"}],"version-history":[{"count":45,"href":"https:\/\/kf-mx.com\/index.php\/wp-json\/wp\/v2\/pages\/16\/revisions"}],"predecessor-version":[{"id":218,"href":"https:\/\/kf-mx.com\/index.php\/wp-json\/wp\/v2\/pages\/16\/revisions\/218"}],"wp:featuredmedia":[{"embeddable":true,"href":"https:\/\/kf-mx.com\/index.php\/wp-json\/wp\/v2\/media\/113"}],"wp:attachment":[{"href":"https:\/\/kf-mx.com\/index.php\/wp-json\/wp\/v2\/media?parent=16"}],"curies":[{"name":"wp","href":"https:\/\/api.w.org\/{rel}","templated":true}]}}