{"id":17,"date":"2025-03-07T18:05:48","date_gmt":"2025-03-07T18:05:48","guid":{"rendered":"https:\/\/kf-mx.com\/?page_id=17"},"modified":"2025-06-06T20:35:44","modified_gmt":"2025-06-06T20:35:44","slug":"ventas","status":"publish","type":"page","link":"https:\/\/kf-mx.com\/index.php\/ventas\/","title":{"rendered":"Ventas"},"content":{"rendered":"\n<h3 class=\"wp-block-heading\">Departamento de Ventas<\/h3>\n\n\n\n<p>En el <strong>Departamento de Ventas de Kitchen Facilities<\/strong>, nuestra misi\u00f3n es conectar a cada cliente con el producto ideal que impulse su negocio o proyecto gastron\u00f3mico. Contamos con un equipo especializado, comprometido y apasionado por brindar una atenci\u00f3n personalizada, eficiente y cercana.<\/p>\n\n\n\n<p>Nuestro equipo no solo vende, <strong>escucha, asesora y soluciona<\/strong>. Entendemos las necesidades de chefs, emprendedores, restaurantes y comercios del sector, por lo que ofrecemos acompa\u00f1amiento desde el primer contacto hasta la entrega final del producto.<\/p>\n\n\n\n<p>Gracias a nuestra experiencia en ventas tradicionales y comercio electr\u00f3nico, podemos atender de forma \u00e1gil tanto pedidos individuales como compras empresariales o institucionales, garantizando siempre el mejor precio, disponibilidad y seguimiento.<\/p>\n\n\n\n<p>\ud83d\udce6 Atendemos a trav\u00e9s de todos nuestros canales:<br>\ud83d\uded2 Tienda en l\u00ednea | \ud83d\udcf2 WhatsApp | \ud83e\uddfe Cotizaciones directas | \ud83d\udecd\ufe0f Plataformas como Mercado Libre, Amazon, Sears, Coppel y Liverpool.<\/p>\n\n\n\n<p>Ya sea que necesites equipar una cocina industrial o encontrar el utensilio perfecto, <strong>nuestro departamento de ventas est\u00e1 listo para ayudarte<\/strong>. \u00a1Cont\u00e1ctanos y descubre por qu\u00e9 <strong>Kitchen Facilities<\/strong>  es el mejor aliado para tu cocina!<\/p>\n","protected":false},"excerpt":{"rendered":"<p>Departamento de Ventas En el Departamento de Ventas de Kitchen Facilities, nuestra misi\u00f3n es conectar a cada cliente con el producto ideal que impulse su negocio o proyecto gastron\u00f3mico. Contamos con un equipo especializado, comprometido y apasionado por brindar una atenci\u00f3n personalizada, eficiente y cercana. Nuestro equipo no solo vende, escucha, asesora y soluciona. Entendemos &hellip; <\/p>\n<p class=\"link-more\"><a href=\"https:\/\/kf-mx.com\/index.php\/ventas\/\" class=\"more-link\">Continuar leyendo<span class=\"screen-reader-text\"> \u00abVentas\u00bb<\/span><\/a><\/p>\n","protected":false},"author":1,"featured_media":213,"parent":0,"menu_order":0,"comment_status":"closed","ping_status":"closed","template":"","meta":{"_kadence_starter_templates_imported_post":false,"footnotes":""},"class_list":["post-17","page","type-page","status-publish","has-post-thumbnail","hentry"],"yoast_head":"<!-- This site is optimized with the Yoast SEO plugin v25.2 - https:\/\/yoast.com\/wordpress\/plugins\/seo\/ -->\n<title>Ventas - Kitchen Facilities<\/title>\n<meta name=\"robots\" content=\"index, follow, max-snippet:-1, max-image-preview:large, max-video-preview:-1\" \/>\n<link rel=\"canonical\" href=\"https:\/\/kf-mx.com\/index.php\/ventas\/\" \/>\n<meta property=\"og:locale\" content=\"es_ES\" \/>\n<meta property=\"og:type\" content=\"article\" \/>\n<meta property=\"og:title\" content=\"Ventas - Kitchen Facilities\" \/>\n<meta property=\"og:description\" content=\"Departamento de Ventas En el Departamento de Ventas de Kitchen Facilities, nuestra misi\u00f3n es conectar a cada cliente con el producto ideal que impulse su negocio o proyecto gastron\u00f3mico. Contamos con un equipo especializado, comprometido y apasionado por brindar una atenci\u00f3n personalizada, eficiente y cercana. Nuestro equipo no solo vende, escucha, asesora y soluciona. Entendemos &hellip; Continuar leyendo &quot;Ventas&quot;\" \/>\n<meta property=\"og:url\" content=\"https:\/\/kf-mx.com\/index.php\/ventas\/\" \/>\n<meta property=\"og:site_name\" content=\"Kitchen Facilities\" \/>\n<meta property=\"article:modified_time\" content=\"2025-06-06T20:35:44+00:00\" \/>\n<meta property=\"og:image\" content=\"https:\/\/kf-mx.com\/wp-content\/uploads\/2025\/06\/Ventas1-1024x614.png\" \/>\n\t<meta property=\"og:image:width\" content=\"1024\" \/>\n\t<meta property=\"og:image:height\" content=\"614\" \/>\n\t<meta property=\"og:image:type\" content=\"image\/png\" \/>\n<meta name=\"twitter:card\" content=\"summary_large_image\" \/>\n<meta name=\"twitter:label1\" content=\"Tiempo de lectura\" \/>\n\t<meta name=\"twitter:data1\" content=\"2 minutos\" \/>\n<script type=\"application\/ld+json\" class=\"yoast-schema-graph\">{\"@context\":\"https:\/\/schema.org\",\"@graph\":[{\"@type\":\"WebPage\",\"@id\":\"https:\/\/kf-mx.com\/index.php\/ventas\/\",\"url\":\"https:\/\/kf-mx.com\/index.php\/ventas\/\",\"name\":\"Ventas - Kitchen Facilities\",\"isPartOf\":{\"@id\":\"https:\/\/kf-mx.com\/#website\"},\"primaryImageOfPage\":{\"@id\":\"https:\/\/kf-mx.com\/index.php\/ventas\/#primaryimage\"},\"image\":{\"@id\":\"https:\/\/kf-mx.com\/index.php\/ventas\/#primaryimage\"},\"thumbnailUrl\":\"https:\/\/kf-mx.com\/wp-content\/uploads\/2025\/06\/Ventas1.png\",\"datePublished\":\"2025-03-07T18:05:48+00:00\",\"dateModified\":\"2025-06-06T20:35:44+00:00\",\"breadcrumb\":{\"@id\":\"https:\/\/kf-mx.com\/index.php\/ventas\/#breadcrumb\"},\"inLanguage\":\"es\",\"potentialAction\":[{\"@type\":\"ReadAction\",\"target\":[\"https:\/\/kf-mx.com\/index.php\/ventas\/\"]}]},{\"@type\":\"ImageObject\",\"inLanguage\":\"es\",\"@id\":\"https:\/\/kf-mx.com\/index.php\/ventas\/#primaryimage\",\"url\":\"https:\/\/kf-mx.com\/wp-content\/uploads\/2025\/06\/Ventas1.png\",\"contentUrl\":\"https:\/\/kf-mx.com\/wp-content\/uploads\/2025\/06\/Ventas1.png\",\"width\":2000,\"height\":1200},{\"@type\":\"BreadcrumbList\",\"@id\":\"https:\/\/kf-mx.com\/index.php\/ventas\/#breadcrumb\",\"itemListElement\":[{\"@type\":\"ListItem\",\"position\":1,\"name\":\"Portada\",\"item\":\"https:\/\/kf-mx.com\/\"},{\"@type\":\"ListItem\",\"position\":2,\"name\":\"Ventas\"}]},{\"@type\":\"WebSite\",\"@id\":\"https:\/\/kf-mx.com\/#website\",\"url\":\"https:\/\/kf-mx.com\/\",\"name\":\"Kitchen Facilities\",\"description\":\"Abastecemos la Industria del Arte Gastron\u00f3mico\",\"publisher\":{\"@id\":\"https:\/\/kf-mx.com\/#organization\"},\"potentialAction\":[{\"@type\":\"SearchAction\",\"target\":{\"@type\":\"EntryPoint\",\"urlTemplate\":\"https:\/\/kf-mx.com\/?s={search_term_string}\"},\"query-input\":{\"@type\":\"PropertyValueSpecification\",\"valueRequired\":true,\"valueName\":\"search_term_string\"}}],\"inLanguage\":\"es\"},{\"@type\":\"Organization\",\"@id\":\"https:\/\/kf-mx.com\/#organization\",\"name\":\"Kitchen Facilities\",\"url\":\"https:\/\/kf-mx.com\/\",\"logo\":{\"@type\":\"ImageObject\",\"inLanguage\":\"es\",\"@id\":\"https:\/\/kf-mx.com\/#\/schema\/logo\/image\/\",\"url\":\"https:\/\/kf-mx.com\/wp-content\/uploads\/2025\/03\/cropped-Sin-titulo-1200-x-1200-px1.png\",\"contentUrl\":\"https:\/\/kf-mx.com\/wp-content\/uploads\/2025\/03\/cropped-Sin-titulo-1200-x-1200-px1.png\",\"width\":250,\"height\":250,\"caption\":\"Kitchen Facilities\"},\"image\":{\"@id\":\"https:\/\/kf-mx.com\/#\/schema\/logo\/image\/\"}}]}<\/script>\n<!-- \/ Yoast SEO plugin. -->","yoast_head_json":{"title":"Ventas - Kitchen Facilities","robots":{"index":"index","follow":"follow","max-snippet":"max-snippet:-1","max-image-preview":"max-image-preview:large","max-video-preview":"max-video-preview:-1"},"canonical":"https:\/\/kf-mx.com\/index.php\/ventas\/","og_locale":"es_ES","og_type":"article","og_title":"Ventas - Kitchen Facilities","og_description":"Departamento de Ventas En el Departamento de Ventas de Kitchen Facilities, nuestra misi\u00f3n es conectar a cada cliente con el producto ideal que impulse su negocio o proyecto gastron\u00f3mico. Contamos con un equipo especializado, comprometido y apasionado por brindar una atenci\u00f3n personalizada, eficiente y cercana. Nuestro equipo no solo vende, escucha, asesora y soluciona. Entendemos &hellip; Continuar leyendo \"Ventas\"","og_url":"https:\/\/kf-mx.com\/index.php\/ventas\/","og_site_name":"Kitchen Facilities","article_modified_time":"2025-06-06T20:35:44+00:00","og_image":[{"width":1024,"height":614,"url":"https:\/\/kf-mx.com\/wp-content\/uploads\/2025\/06\/Ventas1-1024x614.png","type":"image\/png"}],"twitter_card":"summary_large_image","twitter_misc":{"Tiempo de lectura":"2 minutos"},"schema":{"@context":"https:\/\/schema.org","@graph":[{"@type":"WebPage","@id":"https:\/\/kf-mx.com\/index.php\/ventas\/","url":"https:\/\/kf-mx.com\/index.php\/ventas\/","name":"Ventas - Kitchen Facilities","isPartOf":{"@id":"https:\/\/kf-mx.com\/#website"},"primaryImageOfPage":{"@id":"https:\/\/kf-mx.com\/index.php\/ventas\/#primaryimage"},"image":{"@id":"https:\/\/kf-mx.com\/index.php\/ventas\/#primaryimage"},"thumbnailUrl":"https:\/\/kf-mx.com\/wp-content\/uploads\/2025\/06\/Ventas1.png","datePublished":"2025-03-07T18:05:48+00:00","dateModified":"2025-06-06T20:35:44+00:00","breadcrumb":{"@id":"https:\/\/kf-mx.com\/index.php\/ventas\/#breadcrumb"},"inLanguage":"es","potentialAction":[{"@type":"ReadAction","target":["https:\/\/kf-mx.com\/index.php\/ventas\/"]}]},{"@type":"ImageObject","inLanguage":"es","@id":"https:\/\/kf-mx.com\/index.php\/ventas\/#primaryimage","url":"https:\/\/kf-mx.com\/wp-content\/uploads\/2025\/06\/Ventas1.png","contentUrl":"https:\/\/kf-mx.com\/wp-content\/uploads\/2025\/06\/Ventas1.png","width":2000,"height":1200},{"@type":"BreadcrumbList","@id":"https:\/\/kf-mx.com\/index.php\/ventas\/#breadcrumb","itemListElement":[{"@type":"ListItem","position":1,"name":"Portada","item":"https:\/\/kf-mx.com\/"},{"@type":"ListItem","position":2,"name":"Ventas"}]},{"@type":"WebSite","@id":"https:\/\/kf-mx.com\/#website","url":"https:\/\/kf-mx.com\/","name":"Kitchen Facilities","description":"Abastecemos la Industria del Arte Gastron\u00f3mico","publisher":{"@id":"https:\/\/kf-mx.com\/#organization"},"potentialAction":[{"@type":"SearchAction","target":{"@type":"EntryPoint","urlTemplate":"https:\/\/kf-mx.com\/?s={search_term_string}"},"query-input":{"@type":"PropertyValueSpecification","valueRequired":true,"valueName":"search_term_string"}}],"inLanguage":"es"},{"@type":"Organization","@id":"https:\/\/kf-mx.com\/#organization","name":"Kitchen Facilities","url":"https:\/\/kf-mx.com\/","logo":{"@type":"ImageObject","inLanguage":"es","@id":"https:\/\/kf-mx.com\/#\/schema\/logo\/image\/","url":"https:\/\/kf-mx.com\/wp-content\/uploads\/2025\/03\/cropped-Sin-titulo-1200-x-1200-px1.png","contentUrl":"https:\/\/kf-mx.com\/wp-content\/uploads\/2025\/03\/cropped-Sin-titulo-1200-x-1200-px1.png","width":250,"height":250,"caption":"Kitchen Facilities"},"image":{"@id":"https:\/\/kf-mx.com\/#\/schema\/logo\/image\/"}}]}},"_links":{"self":[{"href":"https:\/\/kf-mx.com\/index.php\/wp-json\/wp\/v2\/pages\/17","targetHints":{"allow":["GET"]}}],"collection":[{"href":"https:\/\/kf-mx.com\/index.php\/wp-json\/wp\/v2\/pages"}],"about":[{"href":"https:\/\/kf-mx.com\/index.php\/wp-json\/wp\/v2\/types\/page"}],"author":[{"embeddable":true,"href":"https:\/\/kf-mx.com\/index.php\/wp-json\/wp\/v2\/users\/1"}],"replies":[{"embeddable":true,"href":"https:\/\/kf-mx.com\/index.php\/wp-json\/wp\/v2\/comments?post=17"}],"version-history":[{"count":2,"href":"https:\/\/kf-mx.com\/index.php\/wp-json\/wp\/v2\/pages\/17\/revisions"}],"predecessor-version":[{"id":222,"href":"https:\/\/kf-mx.com\/index.php\/wp-json\/wp\/v2\/pages\/17\/revisions\/222"}],"wp:featuredmedia":[{"embeddable":true,"href":"https:\/\/kf-mx.com\/index.php\/wp-json\/wp\/v2\/media\/213"}],"wp:attachment":[{"href":"https:\/\/kf-mx.com\/index.php\/wp-json\/wp\/v2\/media?parent=17"}],"curies":[{"name":"wp","href":"https:\/\/api.w.org\/{rel}","templated":true}]}}